{"id":5750,"date":"2021-01-11T02:51:12","date_gmt":"2021-01-11T02:51:12","guid":{"rendered":"https:\/\/francisherdes.com\/de\/?page_id=5750"},"modified":"2023-12-19T18:04:19","modified_gmt":"2023-12-19T18:04:19","slug":"francis","status":"publish","type":"page","link":"https:\/\/francisherdes.com\/de\/francis\/","title":{"rendered":"Francis Herdes"},"content":{"rendered":"\n<figure><iframe loading=\"lazy\" src=\"https:\/\/www.youtube-nocookie.com\/embed\/iPoWGg7xZbg?rel=0&amp;controls=0&amp;showinfo=0\" allowfullscreen=\"\" width=\"560\" height=\"315\"><\/iframe><\/figure>\n\n\n\n<blockquote class=\"wp-block-quote is-layout-flow wp-block-quote-is-layout-flow\">\n<p><strong>Die Mission von Francis Herdes Transformations ist es, mehr als 27.000 Menschen zu erm\u00e4chtigen, ihr k\u00f6rperliches, emotionales und spirituelles Wohlbefinden mit der Kraft der \u00e4therischen \u00d6le auf den n\u00e4chsten Level zu bringen, um eine F\u00fclle an Gesundheit, Freude und Freiheit f\u00fcr sich selbst, ihre Lieben und die gesamte Welt zu erschaffen.<\/strong><\/p>\n<cite>Mission Statement von Francis Herdes<\/cite><\/blockquote>\n\n\n<div class=\"wp-block-image\">\n<figure class=\"alignleft size-large is-resized\"><img loading=\"lazy\" decoding=\"async\" width=\"1024\" height=\"769\" src=\"https:\/\/francisherdes.com\/de\/wp-content\/uploads\/sites\/2\/2021\/01\/Francis-Hawaii-2018-small-1024x769.jpg\" alt=\"\" class=\"wp-image-5752\" style=\"width:300px;height:225px\" srcset=\"https:\/\/francisherdes.com\/de\/wp-content\/uploads\/sites\/2\/2021\/01\/Francis-Hawaii-2018-small-1024x769.jpg 1024w, https:\/\/francisherdes.com\/de\/wp-content\/uploads\/sites\/2\/2021\/01\/Francis-Hawaii-2018-small-300x225.jpg 300w, https:\/\/francisherdes.com\/de\/wp-content\/uploads\/sites\/2\/2021\/01\/Francis-Hawaii-2018-small-768x577.jpg 768w, https:\/\/francisherdes.com\/de\/wp-content\/uploads\/sites\/2\/2021\/01\/Francis-Hawaii-2018-small-1536x1154.jpg 1536w, https:\/\/francisherdes.com\/de\/wp-content\/uploads\/sites\/2\/2021\/01\/Francis-Hawaii-2018-small-2048x1539.jpg 2048w, https:\/\/francisherdes.com\/de\/wp-content\/uploads\/sites\/2\/2021\/01\/Francis-Hawaii-2018-small-100x75.jpg 100w, https:\/\/francisherdes.com\/de\/wp-content\/uploads\/sites\/2\/2021\/01\/Francis-Hawaii-2018-small-930x699.jpg 930w, https:\/\/francisherdes.com\/de\/wp-content\/uploads\/sites\/2\/2021\/01\/Francis-Hawaii-2018-small-1200x902.jpg 1200w\" sizes=\"auto, (max-width: 1024px) 100vw, 1024px\" \/><\/figure>\n<\/div>\n\n\n<p><strong>Durch eine l\u00e4ngere Reise in S\u00fcdamerika im Jahr 2009 entdeckte ich f\u00fcr mich ganz neuartige Erfahrungen mit anderen Menschen. Die Arbeit im Regenwald Boliviens er\u00f6ffnete mir die Einsicht in ganz andere Lebensweisen als hier in Deutschland, hat man doch in den kleinen D\u00f6rfern noch einen guten Zugang zu den geheimnisvollen Kr\u00e4ften der Natur.<\/strong><\/p>\n\n\n\n<p><strong>Dort lernte ich, dass die Natur uns viele wirksame Pflanzen und Kr\u00e4uter schenkt, die wir hier kaum nutzen. So dachte ich\u2026<\/strong><\/p>\n\n\n\n<p><strong>Als meine Freunde im Herbst 2009 so gut zu duften anfingen, folgte ich einer Einladung zu einer \u201eReise in die Welt der \u00e4therischen \u00d6le\u201c und war sofort begeistert davon! Seitdem verbinde ich mein wachsendes medizinisches Wissen mit der Freude an den \u00e4therischen \u00d6len und bestaune die positiven Wirkungen auf mich und die Menschen in meinem Umfeld.<\/strong><\/p>\n\n\n\n<p><strong>Ich freue mich, dieses Wissen und die Begeisterung mit dir zu teilen!<\/strong><\/p>\n\n\n\n<p><strong>Herzliche Gr\u00fc\u00dfe,<\/strong><br><strong>Francis Herdes<\/strong><\/p>\n\n\n\n<p>Kontakt:<br>Mobil: <strong>0176 553 838 88<\/strong><br>Email: <strong>herdes@oetq.net<\/strong><\/p>\n","protected":false},"excerpt":{"rendered":"<p>Die Mission von Francis Herdes Transformations ist es, mehr als 27.000 Menschen zu erm\u00e4chtigen, ihr k\u00f6rperliches, emotionales und spirituelles Wohlbefinden &#8230; <\/p>\n<div><a href=\"https:\/\/francisherdes.com\/de\/francis\/\" class=\"more-link\">Read More<\/a><\/div>\n","protected":false},"author":1,"featured_media":5752,"parent":0,"menu_order":0,"comment_status":"closed","ping_status":"closed","template":"","meta":{"footnotes":""},"class_list":["post-5750","page","type-page","status-publish","has-post-thumbnail","hentry"],"yoast_head":"<!-- This site is optimized with the Yoast SEO plugin v26.6 - https:\/\/yoast.com\/wordpress\/plugins\/seo\/ -->\n<title>Francis Herdes - Francis Herdes Transformations<\/title>\n<meta name=\"robots\" content=\"index, follow, max-snippet:-1, max-image-preview:large, max-video-preview:-1\" \/>\n<link rel=\"canonical\" href=\"https:\/\/francisherdes.com\/de\/francis\/\" \/>\n<meta property=\"og:locale\" content=\"de_DE\" \/>\n<meta property=\"og:type\" content=\"article\" \/>\n<meta property=\"og:title\" content=\"Francis Herdes - Francis Herdes Transformations\" \/>\n<meta property=\"og:description\" content=\"Die Mission von Francis Herdes Transformations ist es, mehr als 27.000 Menschen zu erm\u00e4chtigen, ihr k\u00f6rperliches, emotionales und spirituelles Wohlbefinden ... Read More\" \/>\n<meta property=\"og:url\" content=\"https:\/\/francisherdes.com\/de\/francis\/\" \/>\n<meta property=\"og:site_name\" content=\"Francis Herdes Transformations\" \/>\n<meta property=\"article:modified_time\" content=\"2023-12-19T18:04:19+00:00\" \/>\n<meta property=\"og:image\" content=\"https:\/\/francisherdes.com\/de\/wp-content\/uploads\/sites\/2\/2021\/01\/Francis-Hawaii-2018-small-scaled.jpg\" \/>\n\t<meta property=\"og:image:width\" content=\"2560\" \/>\n\t<meta property=\"og:image:height\" content=\"1923\" \/>\n\t<meta property=\"og:image:type\" content=\"image\/jpeg\" \/>\n<meta name=\"twitter:card\" content=\"summary_large_image\" \/>\n<meta name=\"twitter:label1\" content=\"Gesch\u00e4tzte Lesezeit\" \/>\n\t<meta name=\"twitter:data1\" content=\"2\u00a0Minuten\" \/>\n<script type=\"application\/ld+json\" class=\"yoast-schema-graph\">{\"@context\":\"https:\/\/schema.org\",\"@graph\":[{\"@type\":\"WebPage\",\"@id\":\"https:\/\/francisherdes.com\/de\/francis\/\",\"url\":\"https:\/\/francisherdes.com\/de\/francis\/\",\"name\":\"Francis Herdes - Francis Herdes Transformations\",\"isPartOf\":{\"@id\":\"https:\/\/francisherdes.com\/de\/#website\"},\"primaryImageOfPage\":{\"@id\":\"https:\/\/francisherdes.com\/de\/francis\/#primaryimage\"},\"image\":{\"@id\":\"https:\/\/francisherdes.com\/de\/francis\/#primaryimage\"},\"thumbnailUrl\":\"https:\/\/francisherdes.com\/de\/wp-content\/uploads\/sites\/2\/2021\/01\/Francis-Hawaii-2018-small-scaled.jpg\",\"datePublished\":\"2021-01-11T02:51:12+00:00\",\"dateModified\":\"2023-12-19T18:04:19+00:00\",\"breadcrumb\":{\"@id\":\"https:\/\/francisherdes.com\/de\/francis\/#breadcrumb\"},\"inLanguage\":\"de\",\"potentialAction\":[{\"@type\":\"ReadAction\",\"target\":[\"https:\/\/francisherdes.com\/de\/francis\/\"]}]},{\"@type\":\"ImageObject\",\"inLanguage\":\"de\",\"@id\":\"https:\/\/francisherdes.com\/de\/francis\/#primaryimage\",\"url\":\"https:\/\/francisherdes.com\/de\/wp-content\/uploads\/sites\/2\/2021\/01\/Francis-Hawaii-2018-small-scaled.jpg\",\"contentUrl\":\"https:\/\/francisherdes.com\/de\/wp-content\/uploads\/sites\/2\/2021\/01\/Francis-Hawaii-2018-small-scaled.jpg\",\"width\":2560,\"height\":1923},{\"@type\":\"BreadcrumbList\",\"@id\":\"https:\/\/francisherdes.com\/de\/francis\/#breadcrumb\",\"itemListElement\":[{\"@type\":\"ListItem\",\"position\":1,\"name\":\"Home\",\"item\":\"https:\/\/francisherdes.com\/de\/\"},{\"@type\":\"ListItem\",\"position\":2,\"name\":\"Francis Herdes\"}]},{\"@type\":\"WebSite\",\"@id\":\"https:\/\/francisherdes.com\/de\/#website\",\"url\":\"https:\/\/francisherdes.com\/de\/\",\"name\":\"Francis Herdes Transformations\",\"description\":\"Lasse los - Entspanne - Transformiere\",\"potentialAction\":[{\"@type\":\"SearchAction\",\"target\":{\"@type\":\"EntryPoint\",\"urlTemplate\":\"https:\/\/francisherdes.com\/de\/?s={search_term_string}\"},\"query-input\":{\"@type\":\"PropertyValueSpecification\",\"valueRequired\":true,\"valueName\":\"search_term_string\"}}],\"inLanguage\":\"de\"}]}<\/script>\n<!-- \/ Yoast SEO plugin. -->","yoast_head_json":{"title":"Francis Herdes - Francis Herdes Transformations","robots":{"index":"index","follow":"follow","max-snippet":"max-snippet:-1","max-image-preview":"max-image-preview:large","max-video-preview":"max-video-preview:-1"},"canonical":"https:\/\/francisherdes.com\/de\/francis\/","og_locale":"de_DE","og_type":"article","og_title":"Francis Herdes - Francis Herdes Transformations","og_description":"Die Mission von Francis Herdes Transformations ist es, mehr als 27.000 Menschen zu erm\u00e4chtigen, ihr k\u00f6rperliches, emotionales und spirituelles Wohlbefinden ... Read More","og_url":"https:\/\/francisherdes.com\/de\/francis\/","og_site_name":"Francis Herdes Transformations","article_modified_time":"2023-12-19T18:04:19+00:00","og_image":[{"width":2560,"height":1923,"url":"https:\/\/francisherdes.com\/de\/wp-content\/uploads\/sites\/2\/2021\/01\/Francis-Hawaii-2018-small-scaled.jpg","type":"image\/jpeg"}],"twitter_card":"summary_large_image","twitter_misc":{"Gesch\u00e4tzte Lesezeit":"2\u00a0Minuten"},"schema":{"@context":"https:\/\/schema.org","@graph":[{"@type":"WebPage","@id":"https:\/\/francisherdes.com\/de\/francis\/","url":"https:\/\/francisherdes.com\/de\/francis\/","name":"Francis Herdes - Francis Herdes Transformations","isPartOf":{"@id":"https:\/\/francisherdes.com\/de\/#website"},"primaryImageOfPage":{"@id":"https:\/\/francisherdes.com\/de\/francis\/#primaryimage"},"image":{"@id":"https:\/\/francisherdes.com\/de\/francis\/#primaryimage"},"thumbnailUrl":"https:\/\/francisherdes.com\/de\/wp-content\/uploads\/sites\/2\/2021\/01\/Francis-Hawaii-2018-small-scaled.jpg","datePublished":"2021-01-11T02:51:12+00:00","dateModified":"2023-12-19T18:04:19+00:00","breadcrumb":{"@id":"https:\/\/francisherdes.com\/de\/francis\/#breadcrumb"},"inLanguage":"de","potentialAction":[{"@type":"ReadAction","target":["https:\/\/francisherdes.com\/de\/francis\/"]}]},{"@type":"ImageObject","inLanguage":"de","@id":"https:\/\/francisherdes.com\/de\/francis\/#primaryimage","url":"https:\/\/francisherdes.com\/de\/wp-content\/uploads\/sites\/2\/2021\/01\/Francis-Hawaii-2018-small-scaled.jpg","contentUrl":"https:\/\/francisherdes.com\/de\/wp-content\/uploads\/sites\/2\/2021\/01\/Francis-Hawaii-2018-small-scaled.jpg","width":2560,"height":1923},{"@type":"BreadcrumbList","@id":"https:\/\/francisherdes.com\/de\/francis\/#breadcrumb","itemListElement":[{"@type":"ListItem","position":1,"name":"Home","item":"https:\/\/francisherdes.com\/de\/"},{"@type":"ListItem","position":2,"name":"Francis Herdes"}]},{"@type":"WebSite","@id":"https:\/\/francisherdes.com\/de\/#website","url":"https:\/\/francisherdes.com\/de\/","name":"Francis Herdes Transformations","description":"Lasse los - Entspanne - Transformiere","potentialAction":[{"@type":"SearchAction","target":{"@type":"EntryPoint","urlTemplate":"https:\/\/francisherdes.com\/de\/?s={search_term_string}"},"query-input":{"@type":"PropertyValueSpecification","valueRequired":true,"valueName":"search_term_string"}}],"inLanguage":"de"}]}},"_links":{"self":[{"href":"https:\/\/francisherdes.com\/de\/wp-json\/wp\/v2\/pages\/5750","targetHints":{"allow":["GET"]}}],"collection":[{"href":"https:\/\/francisherdes.com\/de\/wp-json\/wp\/v2\/pages"}],"about":[{"href":"https:\/\/francisherdes.com\/de\/wp-json\/wp\/v2\/types\/page"}],"author":[{"embeddable":true,"href":"https:\/\/francisherdes.com\/de\/wp-json\/wp\/v2\/users\/1"}],"replies":[{"embeddable":true,"href":"https:\/\/francisherdes.com\/de\/wp-json\/wp\/v2\/comments?post=5750"}],"version-history":[{"count":6,"href":"https:\/\/francisherdes.com\/de\/wp-json\/wp\/v2\/pages\/5750\/revisions"}],"predecessor-version":[{"id":6247,"href":"https:\/\/francisherdes.com\/de\/wp-json\/wp\/v2\/pages\/5750\/revisions\/6247"}],"wp:featuredmedia":[{"embeddable":true,"href":"https:\/\/francisherdes.com\/de\/wp-json\/wp\/v2\/media\/5752"}],"wp:attachment":[{"href":"https:\/\/francisherdes.com\/de\/wp-json\/wp\/v2\/media?parent=5750"}],"curies":[{"name":"wp","href":"https:\/\/api.w.org\/{rel}","templated":true}]}}