{"id":5773,"date":"2021-01-11T03:44:54","date_gmt":"2021-01-11T03:44:54","guid":{"rendered":"https:\/\/francisherdes.com\/de\/?page_id=5773"},"modified":"2023-03-16T19:13:30","modified_gmt":"2023-03-16T19:13:30","slug":"warum","status":"publish","type":"page","link":"https:\/\/francisherdes.com\/de\/warum\/","title":{"rendered":"Warum ich tue was ich tue"},"content":{"rendered":"\n<figure class=\"wp-block-embed is-type-video is-provider-vimeo wp-block-embed-vimeo\"><div class=\"wp-block-embed__wrapper\">\n<div class=\"x-resp-embed x-is-video x-is-vimeo\"><iframe loading=\"lazy\" title=\"Why I do what I do DE\" src=\"https:\/\/player.vimeo.com\/video\/386956334?h=914d585516&amp;dnt=1&amp;app_id=122963\" width=\"810\" height=\"456\" frameborder=\"0\" allow=\"autoplay; fullscreen; picture-in-picture\" allowfullscreen><\/iframe><\/div>\n<\/div><\/figure>\n\n\n\n<p><\/p>\n\n\n\n<p>Was mich in meiner Arbeit am meisten bewegt, ist <em>wenn die Augen der Menschen wieder zu leuchten beginnen<\/em>. Wenn sich Stress und Anspannung l\u00f6sen und alles in ihnen und um sie herum wieder zu flie\u00dfen beginnt. Wenn sie vollkommen gesund, gl\u00fccklich und in ihrer Kraft sind.<\/p>\n\n\n\n<p>Schon als Kind wunderte ich mich oft, wie viele Menschen einfach mit einem &#8222;Geht so&#8220;-Gef\u00fchl dahinleben. Ich fragte mich, wie ich, wenn ich erwachsen w\u00e4re, &#8222;richtig gut&#8220; leben k\u00f6nnte. Nicht, wie es so aus H\u00f6flichkeit gesagt wird, sondern aus dem authentischen Gef\u00fchl heraus, sich in jeder einzelnen K\u00f6rper Zelle wunderbar zu f\u00fchlen.<\/p>\n\n\n\n<p>Durch Verletzungen und Erfolge beim Reiten, Jujutsu und im Marathontraining in meiner Jugend merkte ich, wie sehr dieses &#8222;Richtig gut&#8220;-Gef\u00fchl damit zu tun hat, wie wir uns in unserem K\u00f6rper f\u00fchlen.&nbsp;<\/p>\n\n\n\n<p>Ich erinnere mich an die schmerzhaften Sommerferien, als ich mit 14 vom Pferd fiel und direkt auf meinem Stei\u00dfbein landete. Und die Geduld, die es brauchte, bis die Verletzung wieder geheilt war und mein K\u00f6rper sich wieder richtig gut anf\u00fchlte.&nbsp;<\/p>\n\n\n\n<p>Ich erinnere mich an das erf\u00fcllte Gef\u00fchl, wenn ich nach dem Jujutsutraining abends im Bett lag und mein ganzer K\u00f6rper sich einfach wunderbar anf\u00fchlte.<\/p>\n\n\n\n<p>Deshalb begann ich zu studieren, was den K\u00f6rper wieder gesund macht, was ihn st\u00e4rkt und was ihn sch\u00fctzt. Ich staunte immer wieder \u00fcber die Menschen, denen es richtig schlecht ging und die das Beste daraus machten. Und \u00fcber Menschen, die eigentlich gesund waren, aber die sich trotzdem nicht gut f\u00fchlten.<\/p>\n\n\n\n<p>In sechs Jahren Medizinstudium bekam ich viele wertvolle Einblicke, was die meisten Menschen <em>wirklich<\/em> krank macht und was Gesundheit <em>eigentlich<\/em> bedeutet &#8211; und was nicht. Dass ein gesunder K\u00f6rper nicht automatisch gl\u00fccklich macht, sondern dass wahre Erf\u00fcllung noch viel tiefer geht.<\/p>\n\n\n\n<p>Dadurch lernte ich zu meditieren, mich mit meinen Gef\u00fchlen mehr zu verbinden und mehr auf die Kraft der Natur zu vertrauen. Die Menschen um mich herum fragten mich mitten in der Pr\u00fcfungszeit, &#8222;Warum bist du so gut drauf? Bist du frisch verliebt?&#8220;.<\/p>\n\n\n\n<p>&#8222;Nein&#8220;, antwortete ich, &#8222;wenn du willst, zeige ich dir eine kurze \u00dcbung, mit der es dir auch viel besser geht.&#8220;.<\/p>\n\n\n\n<p>Und tats\u00e4chlich, die Person vor mir erstrahlte ganz neu. Das inspirierte mich, mehr und mehr von den \u00dcbungen und Salbungen zu teilen, die mir halfen. Und das inspirierte wiederum die Menschen um mich herum.<\/p>\n\n\n\n<p>So wuchs mein Gesch\u00e4ft aus der Begeisterung heraus neben dem Studium und Anfang 2014 war ich vollkommen selbst\u00e4ndig. Eine ganz neue Freiheit er\u00f6ffnete sich mir, unabh\u00e4ngig vom &#8222;klassischen&#8220; Weg.&nbsp;<\/p>\n\n\n\n<p>Wenn du selbst den n\u00e4chsten Schritt in deiner Pers\u00f6nlichkeitsentwicklung oder in deinem Gesch\u00e4ft gehst, kannst du auch anderen erfolgreich den Weg zeigen. Ich freue mich heute noch \u00fcber den Moment, an dem mein erster Mentee mit meinem System diesen Schritt in die Freiheit schaffte. Kay, eine ehemalige, \u00fcberstresste Fitnessstudioinhaberin, die jetzt schon eine ganze Zeit lang mit ihrer Familie auf Weltreise ist und an ihrem Traumort aktuell eine Wellnessakademie aufbaut.<\/p>\n\n\n\n<p>Auf Reisen sp\u00fcre ich das Gef\u00fchl der Freiheit ganz besonders. Ich liebe es, mit meinen Freunden regelm\u00e4\u00dfig nach Hawaii zu reisen, um zu entspannen, zu entdecken und neue Trainings aufzunehmen.&nbsp;<\/p>\n\n\n\n<p>Jede Farm, wo die \u00e4therischen \u00d6le herkommen, die das Herzst\u00fcck vieler meiner Anwendungen ist, ist f\u00fcr mich ein kleines Paradies. Dieser Duft, der sich in der Destillerie entfaltet, als wenn du direkt in einem riesigen Diffuser stehen w\u00fcrdest. Die reine Natur, in der nichts vergiftet oder manipuliert ist. Ich liebe es, durch die Lavendelfelder zu wandern oder einfach im Schatten der B\u00e4ume zu entspannen, ganz im Einklang mit der Natur zu sein.<\/p>\n\n\n\n<p>Wenn ich mir vorstelle, dass diese kleinen Paradiese rund um unseren Planeten mehr und mehr wieder geschaffen werden, je mehr Menschen meine duftenden Anwendungen machen, freue ich mich jedes Mal wie ein kleines Kind.<\/p>\n\n\n\n<p>Und wie sieht es mit dir aus?<\/p>\n\n\n\n<p>W\u00fcrdest du es lieben&#8230;<\/p>\n\n\n\n<p>&#8230;den Menschen ganz neue T\u00fcren zu \u00f6ffnen und Gelegenheiten zu geben, von denen sie bisher nicht einmal getr\u00e4umt haben?<\/p>\n\n\n\n<p>&#8230;Win-win-win-Situationen f\u00fcr alle zu schaffen? Menschen den Weg in ihre pers\u00f6nliche Wellness, zu ihrem Sinn und in ihre Freiheit zu zeigen?<\/p>\n\n\n\n<p>Stell dir vor, wie die Welt aussehen w\u00fcrde, wenn mehr und mehr Menschen solche einfachen, effektiven Tools kennen und best\u00e4ndig anwenden w\u00fcrden. Wenn mehr und mehr Menschen in ihrer authentischen Kraft und Harmonie sein w\u00fcrden&#8230;<\/p>\n\n\n\n<p><em>W\u00fcrde dich das erf\u00fcllen?<\/em><\/p>\n\n\n\n<p>Wenn auch du diese einfachen, transformativen Anwendungen kennenlernen und die f\u00fcr dich genau passende finden willst, dann lass&#8216; uns sprechen. Melde dich hier zu einem kostenlosen Strategiegespr\u00e4ch mit mir an: <a href=\"https:\/\/tidycal.com\/francisherdes\/15-min\" target=\"_blank\" rel=\"noreferrer noopener\">https:\/\/tidycal.com\/francisherdes\/15-min<\/a><\/p>\n","protected":false},"excerpt":{"rendered":"<p>Was mich in meiner Arbeit am meisten bewegt, ist wenn die Augen der Menschen wieder zu leuchten beginnen. Wenn sich &#8230; <\/p>\n<div><a href=\"https:\/\/francisherdes.com\/de\/warum\/\" class=\"more-link\">Read More<\/a><\/div>\n","protected":false},"author":1,"featured_media":5774,"parent":0,"menu_order":0,"comment_status":"closed","ping_status":"closed","template":"","meta":{"footnotes":""},"class_list":["post-5773","page","type-page","status-publish","has-post-thumbnail","hentry"],"yoast_head":"<!-- This site is optimized with the Yoast SEO plugin v26.6 - https:\/\/yoast.com\/wordpress\/plugins\/seo\/ -->\n<title>Warum ich tue was ich tue - Francis Herdes Transformations<\/title>\n<meta name=\"robots\" content=\"index, follow, max-snippet:-1, max-image-preview:large, max-video-preview:-1\" \/>\n<link rel=\"canonical\" href=\"https:\/\/francisherdes.com\/de\/warum\/\" \/>\n<meta property=\"og:locale\" content=\"de_DE\" \/>\n<meta property=\"og:type\" content=\"article\" \/>\n<meta property=\"og:title\" content=\"Warum ich tue was ich tue - Francis Herdes Transformations\" \/>\n<meta property=\"og:description\" content=\"Was mich in meiner Arbeit am meisten bewegt, ist wenn die Augen der Menschen wieder zu leuchten beginnen. Wenn sich ... Read More\" \/>\n<meta property=\"og:url\" content=\"https:\/\/francisherdes.com\/de\/warum\/\" \/>\n<meta property=\"og:site_name\" content=\"Francis Herdes Transformations\" \/>\n<meta property=\"article:modified_time\" content=\"2023-03-16T19:13:30+00:00\" \/>\n<meta property=\"og:image\" content=\"https:\/\/francisherdes.com\/de\/wp-content\/uploads\/sites\/2\/2021\/01\/Why-I-do-what-I-do-DE-1024x668.png\" \/>\n\t<meta property=\"og:image:width\" content=\"1024\" \/>\n\t<meta property=\"og:image:height\" content=\"668\" \/>\n\t<meta property=\"og:image:type\" content=\"image\/png\" \/>\n<meta name=\"twitter:card\" content=\"summary_large_image\" \/>\n<meta name=\"twitter:label1\" content=\"Gesch\u00e4tzte Lesezeit\" \/>\n\t<meta name=\"twitter:data1\" content=\"5\u00a0Minuten\" \/>\n<script type=\"application\/ld+json\" class=\"yoast-schema-graph\">{\"@context\":\"https:\/\/schema.org\",\"@graph\":[{\"@type\":\"WebPage\",\"@id\":\"https:\/\/francisherdes.com\/de\/warum\/\",\"url\":\"https:\/\/francisherdes.com\/de\/warum\/\",\"name\":\"Warum ich tue was ich tue - Francis Herdes Transformations\",\"isPartOf\":{\"@id\":\"https:\/\/francisherdes.com\/de\/#website\"},\"primaryImageOfPage\":{\"@id\":\"https:\/\/francisherdes.com\/de\/warum\/#primaryimage\"},\"image\":{\"@id\":\"https:\/\/francisherdes.com\/de\/warum\/#primaryimage\"},\"thumbnailUrl\":\"https:\/\/francisherdes.com\/de\/wp-content\/uploads\/sites\/2\/2021\/01\/Why-I-do-what-I-do-DE.png\",\"datePublished\":\"2021-01-11T03:44:54+00:00\",\"dateModified\":\"2023-03-16T19:13:30+00:00\",\"breadcrumb\":{\"@id\":\"https:\/\/francisherdes.com\/de\/warum\/#breadcrumb\"},\"inLanguage\":\"de\",\"potentialAction\":[{\"@type\":\"ReadAction\",\"target\":[\"https:\/\/francisherdes.com\/de\/warum\/\"]}]},{\"@type\":\"ImageObject\",\"inLanguage\":\"de\",\"@id\":\"https:\/\/francisherdes.com\/de\/warum\/#primaryimage\",\"url\":\"https:\/\/francisherdes.com\/de\/wp-content\/uploads\/sites\/2\/2021\/01\/Why-I-do-what-I-do-DE.png\",\"contentUrl\":\"https:\/\/francisherdes.com\/de\/wp-content\/uploads\/sites\/2\/2021\/01\/Why-I-do-what-I-do-DE.png\",\"width\":2202,\"height\":1436},{\"@type\":\"BreadcrumbList\",\"@id\":\"https:\/\/francisherdes.com\/de\/warum\/#breadcrumb\",\"itemListElement\":[{\"@type\":\"ListItem\",\"position\":1,\"name\":\"Home\",\"item\":\"https:\/\/francisherdes.com\/de\/\"},{\"@type\":\"ListItem\",\"position\":2,\"name\":\"Warum ich tue was ich tue\"}]},{\"@type\":\"WebSite\",\"@id\":\"https:\/\/francisherdes.com\/de\/#website\",\"url\":\"https:\/\/francisherdes.com\/de\/\",\"name\":\"Francis Herdes Transformations\",\"description\":\"Lasse los - Entspanne - Transformiere\",\"potentialAction\":[{\"@type\":\"SearchAction\",\"target\":{\"@type\":\"EntryPoint\",\"urlTemplate\":\"https:\/\/francisherdes.com\/de\/?s={search_term_string}\"},\"query-input\":{\"@type\":\"PropertyValueSpecification\",\"valueRequired\":true,\"valueName\":\"search_term_string\"}}],\"inLanguage\":\"de\"}]}<\/script>\n<!-- \/ Yoast SEO plugin. -->","yoast_head_json":{"title":"Warum ich tue was ich tue - Francis Herdes Transformations","robots":{"index":"index","follow":"follow","max-snippet":"max-snippet:-1","max-image-preview":"max-image-preview:large","max-video-preview":"max-video-preview:-1"},"canonical":"https:\/\/francisherdes.com\/de\/warum\/","og_locale":"de_DE","og_type":"article","og_title":"Warum ich tue was ich tue - Francis Herdes Transformations","og_description":"Was mich in meiner Arbeit am meisten bewegt, ist wenn die Augen der Menschen wieder zu leuchten beginnen. Wenn sich ... Read More","og_url":"https:\/\/francisherdes.com\/de\/warum\/","og_site_name":"Francis Herdes Transformations","article_modified_time":"2023-03-16T19:13:30+00:00","og_image":[{"width":1024,"height":668,"url":"https:\/\/francisherdes.com\/de\/wp-content\/uploads\/sites\/2\/2021\/01\/Why-I-do-what-I-do-DE-1024x668.png","type":"image\/png"}],"twitter_card":"summary_large_image","twitter_misc":{"Gesch\u00e4tzte Lesezeit":"5\u00a0Minuten"},"schema":{"@context":"https:\/\/schema.org","@graph":[{"@type":"WebPage","@id":"https:\/\/francisherdes.com\/de\/warum\/","url":"https:\/\/francisherdes.com\/de\/warum\/","name":"Warum ich tue was ich tue - Francis Herdes Transformations","isPartOf":{"@id":"https:\/\/francisherdes.com\/de\/#website"},"primaryImageOfPage":{"@id":"https:\/\/francisherdes.com\/de\/warum\/#primaryimage"},"image":{"@id":"https:\/\/francisherdes.com\/de\/warum\/#primaryimage"},"thumbnailUrl":"https:\/\/francisherdes.com\/de\/wp-content\/uploads\/sites\/2\/2021\/01\/Why-I-do-what-I-do-DE.png","datePublished":"2021-01-11T03:44:54+00:00","dateModified":"2023-03-16T19:13:30+00:00","breadcrumb":{"@id":"https:\/\/francisherdes.com\/de\/warum\/#breadcrumb"},"inLanguage":"de","potentialAction":[{"@type":"ReadAction","target":["https:\/\/francisherdes.com\/de\/warum\/"]}]},{"@type":"ImageObject","inLanguage":"de","@id":"https:\/\/francisherdes.com\/de\/warum\/#primaryimage","url":"https:\/\/francisherdes.com\/de\/wp-content\/uploads\/sites\/2\/2021\/01\/Why-I-do-what-I-do-DE.png","contentUrl":"https:\/\/francisherdes.com\/de\/wp-content\/uploads\/sites\/2\/2021\/01\/Why-I-do-what-I-do-DE.png","width":2202,"height":1436},{"@type":"BreadcrumbList","@id":"https:\/\/francisherdes.com\/de\/warum\/#breadcrumb","itemListElement":[{"@type":"ListItem","position":1,"name":"Home","item":"https:\/\/francisherdes.com\/de\/"},{"@type":"ListItem","position":2,"name":"Warum ich tue was ich tue"}]},{"@type":"WebSite","@id":"https:\/\/francisherdes.com\/de\/#website","url":"https:\/\/francisherdes.com\/de\/","name":"Francis Herdes Transformations","description":"Lasse los - Entspanne - Transformiere","potentialAction":[{"@type":"SearchAction","target":{"@type":"EntryPoint","urlTemplate":"https:\/\/francisherdes.com\/de\/?s={search_term_string}"},"query-input":{"@type":"PropertyValueSpecification","valueRequired":true,"valueName":"search_term_string"}}],"inLanguage":"de"}]}},"_links":{"self":[{"href":"https:\/\/francisherdes.com\/de\/wp-json\/wp\/v2\/pages\/5773","targetHints":{"allow":["GET"]}}],"collection":[{"href":"https:\/\/francisherdes.com\/de\/wp-json\/wp\/v2\/pages"}],"about":[{"href":"https:\/\/francisherdes.com\/de\/wp-json\/wp\/v2\/types\/page"}],"author":[{"embeddable":true,"href":"https:\/\/francisherdes.com\/de\/wp-json\/wp\/v2\/users\/1"}],"replies":[{"embeddable":true,"href":"https:\/\/francisherdes.com\/de\/wp-json\/wp\/v2\/comments?post=5773"}],"version-history":[{"count":3,"href":"https:\/\/francisherdes.com\/de\/wp-json\/wp\/v2\/pages\/5773\/revisions"}],"predecessor-version":[{"id":6079,"href":"https:\/\/francisherdes.com\/de\/wp-json\/wp\/v2\/pages\/5773\/revisions\/6079"}],"wp:featuredmedia":[{"embeddable":true,"href":"https:\/\/francisherdes.com\/de\/wp-json\/wp\/v2\/media\/5774"}],"wp:attachment":[{"href":"https:\/\/francisherdes.com\/de\/wp-json\/wp\/v2\/media?parent=5773"}],"curies":[{"name":"wp","href":"https:\/\/api.w.org\/{rel}","templated":true}]}}