{"id":5604,"date":"2014-04-25T02:45:42","date_gmt":"2014-04-25T00:45:42","guid":{"rendered":"https:\/\/www.francisherdes.com\/?page_id=15"},"modified":"2014-04-25T02:45:42","modified_gmt":"2014-04-25T00:45:42","slug":"contact","status":"publish","type":"page","link":"https:\/\/francisherdes.com\/en\/contact\/","title":{"rendered":"Kontakt"},"content":{"rendered":"<p><!--:de-->Du m\u00f6chtest mehr \u00fcber \u00e4therische \u00d6le wissen?<\/p>\n<p>E-Mail: <strong>herdes@oetq.net<\/strong><\/p>\n<p>Tel.: +49 <strong>176 55383888<\/strong><\/p>\n<p><strong>Skype: Francis Herdes<\/strong><\/p>\n<p><a href=\"https:\/\/www.facebook.com\/maui.mau.54\" target=\"_blank\" rel=\"noopener\">Facebook<\/a><\/p>\n<p><a href=\"https:\/\/instagram.com\/francisherdes\/\" target=\"_blank\" rel=\"noopener\">Instagram<\/a><\/p>\n<p><a href=\"https:\/\/www.youtube.com\/channel\/UCSt1TEIMa77CSd76eos20Yg\" target=\"_blank\" rel=\"noopener\">YouTube<\/a><\/p>\n<p><a href=\"https:\/\/www.linkedin.com\/profile\/view?id=266804181&amp;trk=spm_pic\" target=\"_blank\" rel=\"noopener\">LinkedIn<\/a><\/p>\n<p><a href=\"https:\/\/twitter.com\/FrancisHerdes\" target=\"_blank\" rel=\"noopener\">Twitter<\/a><\/p>\n<p><a href=\"http:\/\/https:\/\/www.xing.com\/profile\/Francis_Herdes?sc_o=mxb_p\" target=\"_blank\" rel=\"noopener\">Xing<\/a><\/p>\n<p>&nbsp;<\/p>\n<p><a href=\"https:\/\/www.facebook.com\/9oele?ref=bookmarks\" target=\"_blank\" rel=\"noopener\">Facebook: \u00c4therische \u00d6le an den Reflexzonen<\/a><\/p>\n<p><a href=\"https:\/\/www.facebook.com\/pages\/Healthy-feet-healthy-body\/336132609887052\" target=\"_blank\" rel=\"noopener\">Facebook: Healthy Feet, Healthy Body &#8211; in English<\/a><\/p>\n<p><!--:--><!--:en--><\/p>\n<p><!--:--><\/p>\n","protected":false},"excerpt":{"rendered":"<p>Du m\u00f6chtest mehr \u00fcber \u00e4therische \u00d6le wissen? E-Mail: herdes@oetq.net Tel.: +49 176 55383888 Skype: Francis Herdes Facebook Instagram YouTube LinkedIn Twitter Xing &nbsp; Facebook: \u00c4therische \u00d6le an den Reflexzonen Facebook: Healthy Feet, Healthy Body &#8211; in English<\/p>\n","protected":false},"author":1,"featured_media":0,"parent":0,"menu_order":0,"comment_status":"closed","ping_status":"closed","template":"","meta":{"footnotes":""},"class_list":["post-5604","page","type-page","status-publish","hentry","no-post-thumbnail"],"yoast_head":"<!-- This site is optimized with the Yoast SEO plugin v26.6 - https:\/\/yoast.com\/wordpress\/plugins\/seo\/ -->\n<title>Kontakt - Francis Herdes Transformations<\/title>\n<meta name=\"robots\" content=\"index, follow, max-snippet:-1, max-image-preview:large, max-video-preview:-1\" \/>\n<link rel=\"canonical\" href=\"https:\/\/francisherdes.com\/en\/contact\/\" \/>\n<meta property=\"og:locale\" content=\"en_US\" \/>\n<meta property=\"og:type\" content=\"article\" \/>\n<meta property=\"og:title\" content=\"Kontakt - Francis Herdes Transformations\" \/>\n<meta property=\"og:description\" content=\"Du m\u00f6chtest mehr \u00fcber \u00e4therische \u00d6le wissen? E-Mail: herdes@oetq.net Tel.: +49 176 55383888 Skype: Francis Herdes Facebook Instagram YouTube LinkedIn Twitter Xing &nbsp; Facebook: \u00c4therische \u00d6le an den Reflexzonen Facebook: Healthy Feet, Healthy Body &#8211; in English\" \/>\n<meta property=\"og:url\" content=\"https:\/\/francisherdes.com\/en\/contact\/\" \/>\n<meta property=\"og:site_name\" content=\"Francis Herdes Transformations\" \/>\n<meta name=\"twitter:card\" content=\"summary_large_image\" \/>\n<script type=\"application\/ld+json\" class=\"yoast-schema-graph\">{\"@context\":\"https:\/\/schema.org\",\"@graph\":[{\"@type\":\"WebPage\",\"@id\":\"https:\/\/francisherdes.com\/en\/contact\/\",\"url\":\"https:\/\/francisherdes.com\/en\/contact\/\",\"name\":\"Kontakt - Francis Herdes Transformations\",\"isPartOf\":{\"@id\":\"https:\/\/francisherdes.com\/en\/#website\"},\"datePublished\":\"2014-04-25T00:45:42+00:00\",\"breadcrumb\":{\"@id\":\"https:\/\/francisherdes.com\/en\/contact\/#breadcrumb\"},\"inLanguage\":\"en-US\",\"potentialAction\":[{\"@type\":\"ReadAction\",\"target\":[\"https:\/\/francisherdes.com\/en\/contact\/\"]}]},{\"@type\":\"BreadcrumbList\",\"@id\":\"https:\/\/francisherdes.com\/en\/contact\/#breadcrumb\",\"itemListElement\":[{\"@type\":\"ListItem\",\"position\":1,\"name\":\"Home\",\"item\":\"https:\/\/francisherdes.com\/en\/\"},{\"@type\":\"ListItem\",\"position\":2,\"name\":\"Kontakt\"}]},{\"@type\":\"WebSite\",\"@id\":\"https:\/\/francisherdes.com\/en\/#website\",\"url\":\"https:\/\/francisherdes.com\/en\/\",\"name\":\"Francis Herdes Transformations\",\"description\":\"Release - Relax - Reconnect\",\"potentialAction\":[{\"@type\":\"SearchAction\",\"target\":{\"@type\":\"EntryPoint\",\"urlTemplate\":\"https:\/\/francisherdes.com\/en\/?s={search_term_string}\"},\"query-input\":{\"@type\":\"PropertyValueSpecification\",\"valueRequired\":true,\"valueName\":\"search_term_string\"}}],\"inLanguage\":\"en-US\"}]}<\/script>\n<!-- \/ Yoast SEO plugin. -->","yoast_head_json":{"title":"Kontakt - Francis Herdes Transformations","robots":{"index":"index","follow":"follow","max-snippet":"max-snippet:-1","max-image-preview":"max-image-preview:large","max-video-preview":"max-video-preview:-1"},"canonical":"https:\/\/francisherdes.com\/en\/contact\/","og_locale":"en_US","og_type":"article","og_title":"Kontakt - Francis Herdes Transformations","og_description":"Du m\u00f6chtest mehr \u00fcber \u00e4therische \u00d6le wissen? E-Mail: herdes@oetq.net Tel.: +49 176 55383888 Skype: Francis Herdes Facebook Instagram YouTube LinkedIn Twitter Xing &nbsp; Facebook: \u00c4therische \u00d6le an den Reflexzonen Facebook: Healthy Feet, Healthy Body &#8211; in English","og_url":"https:\/\/francisherdes.com\/en\/contact\/","og_site_name":"Francis Herdes Transformations","twitter_card":"summary_large_image","schema":{"@context":"https:\/\/schema.org","@graph":[{"@type":"WebPage","@id":"https:\/\/francisherdes.com\/en\/contact\/","url":"https:\/\/francisherdes.com\/en\/contact\/","name":"Kontakt - Francis Herdes Transformations","isPartOf":{"@id":"https:\/\/francisherdes.com\/en\/#website"},"datePublished":"2014-04-25T00:45:42+00:00","breadcrumb":{"@id":"https:\/\/francisherdes.com\/en\/contact\/#breadcrumb"},"inLanguage":"en-US","potentialAction":[{"@type":"ReadAction","target":["https:\/\/francisherdes.com\/en\/contact\/"]}]},{"@type":"BreadcrumbList","@id":"https:\/\/francisherdes.com\/en\/contact\/#breadcrumb","itemListElement":[{"@type":"ListItem","position":1,"name":"Home","item":"https:\/\/francisherdes.com\/en\/"},{"@type":"ListItem","position":2,"name":"Kontakt"}]},{"@type":"WebSite","@id":"https:\/\/francisherdes.com\/en\/#website","url":"https:\/\/francisherdes.com\/en\/","name":"Francis Herdes Transformations","description":"Release - Relax - Reconnect","potentialAction":[{"@type":"SearchAction","target":{"@type":"EntryPoint","urlTemplate":"https:\/\/francisherdes.com\/en\/?s={search_term_string}"},"query-input":{"@type":"PropertyValueSpecification","valueRequired":true,"valueName":"search_term_string"}}],"inLanguage":"en-US"}]}},"_links":{"self":[{"href":"https:\/\/francisherdes.com\/en\/wp-json\/wp\/v2\/pages\/5604","targetHints":{"allow":["GET"]}}],"collection":[{"href":"https:\/\/francisherdes.com\/en\/wp-json\/wp\/v2\/pages"}],"about":[{"href":"https:\/\/francisherdes.com\/en\/wp-json\/wp\/v2\/types\/page"}],"author":[{"embeddable":true,"href":"https:\/\/francisherdes.com\/en\/wp-json\/wp\/v2\/users\/1"}],"replies":[{"embeddable":true,"href":"https:\/\/francisherdes.com\/en\/wp-json\/wp\/v2\/comments?post=5604"}],"version-history":[{"count":0,"href":"https:\/\/francisherdes.com\/en\/wp-json\/wp\/v2\/pages\/5604\/revisions"}],"wp:attachment":[{"href":"https:\/\/francisherdes.com\/en\/wp-json\/wp\/v2\/media?parent=5604"}],"curies":[{"name":"wp","href":"https:\/\/api.w.org\/{rel}","templated":true}]}}